{"id":72,"date":"2025-04-03T15:28:12","date_gmt":"2025-04-03T15:28:12","guid":{"rendered":"https:\/\/mylifeproducts.no\/?page_id=72"},"modified":"2025-04-11T09:40:54","modified_gmt":"2025-04-11T09:40:54","slug":"om-oss","status":"publish","type":"page","link":"https:\/\/mylifeproducts.no\/?page_id=72","title":{"rendered":"Om oss"},"content":{"rendered":"<p>Mylifeproducts AS er et datterselskap av Karde AS.<\/p>\n<p>Vi har mange \u00e5rs erfaring med utvikling av tjenester for personer med mild kognitiv svikt og utvikling av e-l\u00e6ringsressurser for mennesker med utviklingshemning. Erfaringene er ervervet gjennom prosjektsamarbeid med nasjonale og internasjonale akt\u00f8rer samt p\u00e5r\u00f8rendekompetanse.<\/p>\n<p>Disse erfaringene har ledet fram til Memas slik det er i dag.<\/p>\n<p>Organisasjonsnummer: 999 195 105<\/p>\n<p>Registrert adresse: Irisveien 14, 0870 Oslo<\/p>\n<h2>F\u00f8lg oss p\u00e5 sosiale medier<\/h2>\n<p><a href=\"https:\/\/www.linkedin.com\/company\/mylifeproducts-as\/\"><img loading=\"lazy\" decoding=\"async\" class=\"alignnone wp-image-172 size-thumbnail\" src=\"https:\/\/mylifeproducts.no\/wp-content\/uploads\/2025\/04\/linkedin-150x150.png\" alt=\"LinkedIn-logo med bokstavene i og n.\" width=\"150\" height=\"150\" srcset=\"https:\/\/mylifeproducts.no\/wp-content\/uploads\/2025\/04\/linkedin-150x150.png 150w, https:\/\/mylifeproducts.no\/wp-content\/uploads\/2025\/04\/linkedin-300x300.png 300w, https:\/\/mylifeproducts.no\/wp-content\/uploads\/2025\/04\/linkedin.png 512w\" sizes=\"(max-width: 150px) 100vw, 150px\" \/><\/a>\u00a0 \u00a0 \u00a0<a href=\"https:\/\/www.facebook.com\/kardeasno\/\"><img loading=\"lazy\" decoding=\"async\" class=\"alignnone wp-image-173 size-thumbnail\" src=\"https:\/\/mylifeproducts.no\/wp-content\/uploads\/2025\/04\/facebook-150x150.png\" alt=\"Facebook-logo med bokstaven f.\" width=\"150\" height=\"150\" srcset=\"https:\/\/mylifeproducts.no\/wp-content\/uploads\/2025\/04\/facebook-150x150.png 150w, https:\/\/mylifeproducts.no\/wp-content\/uploads\/2025\/04\/facebook-300x300.png 300w, https:\/\/mylifeproducts.no\/wp-content\/uploads\/2025\/04\/facebook.png 512w\" sizes=\"(max-width: 150px) 100vw, 150px\" \/><\/a><\/p>\n","protected":false},"excerpt":{"rendered":"<p>Mylifeproducts AS er et datterselskap av Karde AS. Vi har mange \u00e5rs erfaring med utvikling av tjenester for personer med mild kognitiv svikt og utvikling av e-l\u00e6ringsressurser for mennesker med utviklingshemning. Erfaringene er ervervet gjennom prosjektsamarbeid med nasjonale og internasjonale akt\u00f8rer samt p\u00e5r\u00f8rendekompetanse. Disse erfaringene har ledet fram til Memas slik det er i dag. [&hellip;]<\/p>\n","protected":false},"author":3,"featured_media":0,"parent":0,"menu_order":0,"comment_status":"closed","ping_status":"closed","template":"","meta":{"footnotes":""},"_links":{"self":[{"href":"https:\/\/mylifeproducts.no\/index.php?rest_route=\/wp\/v2\/pages\/72"}],"collection":[{"href":"https:\/\/mylifeproducts.no\/index.php?rest_route=\/wp\/v2\/pages"}],"about":[{"href":"https:\/\/mylifeproducts.no\/index.php?rest_route=\/wp\/v2\/types\/page"}],"author":[{"embeddable":true,"href":"https:\/\/mylifeproducts.no\/index.php?rest_route=\/wp\/v2\/users\/3"}],"replies":[{"embeddable":true,"href":"https:\/\/mylifeproducts.no\/index.php?rest_route=%2Fwp%2Fv2%2Fcomments&post=72"}],"version-history":[{"count":14,"href":"https:\/\/mylifeproducts.no\/index.php?rest_route=\/wp\/v2\/pages\/72\/revisions"}],"predecessor-version":[{"id":166,"href":"https:\/\/mylifeproducts.no\/index.php?rest_route=\/wp\/v2\/pages\/72\/revisions\/166"}],"wp:attachment":[{"href":"https:\/\/mylifeproducts.no\/index.php?rest_route=%2Fwp%2Fv2%2Fmedia&parent=72"}],"curies":[{"name":"wp","href":"https:\/\/api.w.org\/{rel}","templated":true}]}}