{"id":39,"date":"2025-04-02T18:33:25","date_gmt":"2025-04-02T18:33:25","guid":{"rendered":"https:\/\/mylifeproducts.no\/?page_id=39"},"modified":"2025-12-15T08:49:43","modified_gmt":"2025-12-15T08:49:43","slug":"memas-struktur-og-mestring","status":"publish","type":"page","link":"https:\/\/mylifeproducts.no\/?page_id=39","title":{"rendered":"Memas Struktur &#038; Mestring"},"content":{"rendered":"<p>Memas Struktur &amp; Mestring er beregnet for mennesker med utviklingshemning.<br \/>\nMemas Struktur &amp; Mestring har tjenester for:<\/p>\n<ul>\n<li>Kalender<\/li>\n<li>Kontakter<\/li>\n<li>Til glede<\/li>\n<li>Daglig hjelp<\/li>\n<li>Mestringsvideoer<\/li>\n<li>Mestringsrapport<\/li>\n<\/ul>\n<div class=\"leftimagetext\"><div  class=\"lgc-column lgc-grid-parent lgc-grid-40 lgc-tablet-grid-40 lgc-mobile-grid-100 lgc-equal-heights \"><div  class=\"inside-grid-column\"><br \/>\n<figure id=\"attachment_131\" aria-describedby=\"caption-attachment-131\" style=\"width: 350px\" class=\"wp-caption alignnone\"><img loading=\"lazy\" decoding=\"async\" class=\"wp-image-131\" src=\"https:\/\/mylifeproducts.no\/wp-content\/uploads\/2025\/04\/Ung-mann-med-utviklingshemning-300x200.jpg\" alt=\"Ung mann med utviklingshemning holder mobilen og peker p\u00e5 den.\" width=\"350\" height=\"233\" srcset=\"https:\/\/mylifeproducts.no\/wp-content\/uploads\/2025\/04\/Ung-mann-med-utviklingshemning-300x200.jpg 300w, https:\/\/mylifeproducts.no\/wp-content\/uploads\/2025\/04\/Ung-mann-med-utviklingshemning.jpg 768w\" sizes=\"(max-width: 350px) 100vw, 350px\" \/><figcaption id=\"caption-attachment-131\" class=\"wp-caption-text\">Memas er responsiv. Den fungerer p\u00e5 PC\/Mac, nettbrett og smarttelefoner med b\u00e5de iOS- og Android- operativsystem.<\/figcaption><\/figure><br \/>\n<\/div><\/div>\n<div  class=\"lgc-column lgc-grid-parent lgc-grid-60 lgc-tablet-grid-60 lgc-mobile-grid-100 lgc-equal-heights \"><div  class=\"inside-grid-column\"><br \/>\n<strong>Kalender<\/strong> er viktig for mennesker med utviklingshemning. \u00c5 vite hva som skal skje i dag og p\u00e5 de n\u00e6rmeste dagene, gir struktur for hverdagen. Avtaler settes opp av Adminweb-brukeren i Adminweb.no. Avtaler kan v\u00e6re gjentakende, f.eks. skole mandag-fredag kl 9 &#8211; 14 eller en fritidsaktivitet p\u00e5 en bestemt ukedag. Kalenderen kan illustreres med bilder og videoer, f.eks. hva som skal v\u00e6re med i ranselen de forskjellige dagene.\n<p><strong>Kontakter<\/strong> inneholder en liste over n\u00e6rkontakter og behandlere (familie, venner, terapeuter m.fl.), med mulighet for \u00e5 opprette WhatsApp-samtaler.<br \/>\n<\/p><\/div><\/div><div class=\"lgc-clear\"><\/div>\n<strong>Til glede<\/strong> er en samlekategori av tjenester som kan konfigureres for brukeren. Adminweb-brukeren velger hvilke.<\/p>\n<p><strong>Daglig hjelp<\/strong> er tenkt for instruksjoner for f.eks. hvordan husholdningsapparater i hjemmet fungerer, hva som skal pakkes i sekken f\u00f8r trening osv. P\u00e5r\u00f8rende kan legge inn videoer med tale eller bildeserier som illustrerer veiledningen. Daglig hjelp kan ogs\u00e5 brukes for \u00e5 veilede hvordan arbeidsoppgaver i bedrifter og kommuner skal utf\u00f8res.<\/p>\n<\/div>\n<div class=\"leftimagetext\"><div  class=\"lgc-column lgc-grid-parent lgc-grid-40 lgc-tablet-grid-40 lgc-mobile-grid-100 lgc-equal-heights \"><div  class=\"inside-grid-column\"><br \/>\n<figure id=\"attachment_130\" aria-describedby=\"caption-attachment-130\" style=\"width: 350px\" class=\"wp-caption alignnone\"><img loading=\"lazy\" decoding=\"async\" class=\"wp-image-130\" src=\"https:\/\/mylifeproducts.no\/wp-content\/uploads\/2025\/04\/Jente-med-utviklingshemning-300x200.jpg\" alt=\"Ung kvinne med utviklingshemning sitter foran sin PC og ser konsentrert ut.\" width=\"350\" height=\"233\" srcset=\"https:\/\/mylifeproducts.no\/wp-content\/uploads\/2025\/04\/Jente-med-utviklingshemning-300x200.jpg 300w, https:\/\/mylifeproducts.no\/wp-content\/uploads\/2025\/04\/Jente-med-utviklingshemning.jpg 768w\" sizes=\"(max-width: 350px) 100vw, 350px\" \/><figcaption id=\"caption-attachment-130\" class=\"wp-caption-text\">Memas kan inneholde mye nyttig i hverdagen, for eksempel kalender og e-l\u00e6ring.<\/figcaption><\/figure><br \/>\n<\/div><\/div>\n<div  class=\"lgc-column lgc-grid-parent lgc-grid-60 lgc-tablet-grid-60 lgc-mobile-grid-100 lgc-equal-heights \"><div  class=\"inside-grid-column\">\n<p><strong>Utvalgte mestringsvideoer<\/strong> er en tjeneste som inneholder et lite antall videoer om nyttige hverdagsaktiviteter. Administrator velger hvilke. Karde har i mange \u00e5r laget <a href=\"https:\/\/www.karde.no\/produkter\/e-laering\" target=\"_blank\" rel=\"noopener\">e-l\u00e6ringsressurser om mestring av dagliglivet<\/a> (\u00e5pnes i nytt vindu) for mennesker med utviklingshemning. \u00a0Et lite antall av disse ressursene kan koples til her. Det kan v\u00e6re videoer som illustrerer aktiviteter p\u00e5r\u00f8rende syns det er viktig at brukeren mestrer, f.eks. pusse tenner riktig, holde seg ren og pen osv.<\/p>\n<p><strong>Mestringsrapport<\/strong> gir brukeren mulighet til \u00e5 rapportere hvordan han\/hun greier seg i dagliglivet. Dette kan v\u00e6re nyttige tilbakemeldinger for hjelper\/st\u00f8tteperson. Det g\u00e5r f.eks. an \u00e5 legge inn en gjentakende aktivitet i kalenderen en gang i uka som sier: Husk \u00e5 fylle ut mestringsrapporten.<br \/>\n<\/p><\/div><\/div><div class=\"lgc-clear\"><\/div>\n<\/div>\n","protected":false},"excerpt":{"rendered":"<p>Memas Struktur &amp; Mestring er beregnet for mennesker med utviklingshemning. Memas Struktur &amp; Mestring har tjenester for: Kalender Kontakter Til glede Daglig hjelp Mestringsvideoer Mestringsrapport Til glede er en samlekategori av tjenester som kan konfigureres for brukeren. Adminweb-brukeren velger hvilke. Daglig hjelp er tenkt for instruksjoner for f.eks. hvordan husholdningsapparater i hjemmet fungerer, hva som [&hellip;]<\/p>\n","protected":false},"author":3,"featured_media":0,"parent":0,"menu_order":0,"comment_status":"closed","ping_status":"closed","template":"","meta":{"footnotes":""},"_links":{"self":[{"href":"https:\/\/mylifeproducts.no\/index.php?rest_route=\/wp\/v2\/pages\/39"}],"collection":[{"href":"https:\/\/mylifeproducts.no\/index.php?rest_route=\/wp\/v2\/pages"}],"about":[{"href":"https:\/\/mylifeproducts.no\/index.php?rest_route=\/wp\/v2\/types\/page"}],"author":[{"embeddable":true,"href":"https:\/\/mylifeproducts.no\/index.php?rest_route=\/wp\/v2\/users\/3"}],"replies":[{"embeddable":true,"href":"https:\/\/mylifeproducts.no\/index.php?rest_route=%2Fwp%2Fv2%2Fcomments&post=39"}],"version-history":[{"count":29,"href":"https:\/\/mylifeproducts.no\/index.php?rest_route=\/wp\/v2\/pages\/39\/revisions"}],"predecessor-version":[{"id":266,"href":"https:\/\/mylifeproducts.no\/index.php?rest_route=\/wp\/v2\/pages\/39\/revisions\/266"}],"wp:attachment":[{"href":"https:\/\/mylifeproducts.no\/index.php?rest_route=%2Fwp%2Fv2%2Fmedia&parent=39"}],"curies":[{"name":"wp","href":"https:\/\/api.w.org\/{rel}","templated":true}]}}