{"id":3,"date":"2024-06-05T14:44:54","date_gmt":"2024-06-05T14:44:54","guid":{"rendered":"https:\/\/mylifeproducts.no\/?page_id=3"},"modified":"2025-09-02T07:07:47","modified_gmt":"2025-09-02T07:07:47","slug":"privacy-policy","status":"publish","type":"page","link":"https:\/\/mylifeproducts.no\/?page_id=3","title":{"rendered":"Personvernerkl\u00e6ring for Memas"},"content":{"rendered":"\r\n<h3 class=\"wp-block-heading\">Innledning<\/h3>\r\n<p>Denne personvernerkl\u00e6ringen beskriver hvordan Memas samler inn, bruker og beskytter dine personopplysninger. Vi er opptatt av \u00e5 ivareta ditt personvern og behandle personopplysninger i samsvar med personopplysningsloven, EUs personvernforordning (GDPR), og andre relevante lover og forskrifter.<\/p>\r\n<h3>Om oss<\/h3>\r\n<p>Mylifeproducts AS er ansvarlig for behandlingen av personopplysninger som samles inn via Memas. L\u00f8sningen er et digitalt verkt\u00f8y for livsmestring som benytter Google som autentiseringsmetode. Memas driftes i Google Cloud-datasenteret i Helsinki, som er underlagt Googles strenge sikkerhetsstandarder.<\/p>\r\n<h3>Hva slags personopplysninger vi samler inn<\/h3>\r\n<p>N\u00e5r du bruker Memas, kan vi samle inn f\u00f8lgende personopplysninger:<\/p>\r\n<p>&#8211; Identifikasjonsdata: Navn, e-postadresse, brukernavn (via Google-p\u00e5logging).<\/p>\r\n<p>&#8211; Brukerdata: Kalenderinformasjon, velv\u00e6rerapporter, private bilder og videoer, kontaktinformasjon til p\u00e5r\u00f8rende, venner og helsepersonell.<\/p>\r\n<h3>Form\u00e5l med behandlingen<\/h3>\r\n<p>Vi behandler personopplysninger for f\u00f8lgende form\u00e5l:<\/p>\r\n<p>&#8211; Autentisering og tilgangskontroll: For \u00e5 sikre sikker p\u00e5logging via Vipps.<\/p>\r\n<p>&#8211; Livsmestring: For \u00e5 gi personlig informasjon om aktiviteter og p\u00e5minnelser, velv\u00e6rerapporter om livssituasjonen, gi glede i form av private bilder og videoer.<\/p>\r\n<p>&#8211; Sikkerhet: For \u00e5 beskytte plattformen mot uautorisert tilgang og sikre personvernet for alle brukere.<\/p>\r\n<h3>Rettslig grunnlag for behandling<\/h3>\r\n<p>Behandlingen av personopplysninger i Memas er basert p\u00e5 f\u00f8lgende rettslige grunnlag:<\/p>\r\n<p>&#8211; Berettiget interesse: Behandlingen er n\u00f8dvendig for \u00e5 kunne tilby tjenesten, forbedre eller opprettholde kvaliteten i livssituasjonen og sikre systemets sikkerhet. For \u00e5 bidra til et bedre liv for Memas-brukeren..<\/p>\r\n<h3>Bruk av Google for p\u00e5logging<\/h3>\r\n<p>Memas bruker Google som p\u00e5loggingsmetode. N\u00e5r du logger p\u00e5 med Google, vil Google autentisere deg og overf\u00f8re relevante brukeropplysninger til v\u00e5r Memas. Google er i samsvar med gjeldende personvernkrav og beskytter dine p\u00e5loggingsdata.<\/p>\r\n<h3>Lagring og overf\u00f8ring av personopplysninger<\/h3>\r\n<p>Personopplysningene som behandles i Memas, lagres i Google Cloud-datasenteret i Helsinki. Google overholder kravene i GDPR og har strenge sikkerhetsmekanismer p\u00e5 plass, inkludert kryptering av data under overf\u00f8ring og i hvile. Det overf\u00f8res ingen data utenfor E\u00d8S-omr\u00e5det.<\/p>\r\n<h3>Dine rettigheter<\/h3>\r\n<p>Som bruker har du f\u00f8lgende rettigheter i henhold til GDPR:<\/p>\r\n<p>&#8211; Innsyn: Du har rett til \u00e5 f\u00e5 innsyn i hvilke personopplysninger vi har registrert om deg.<\/p>\r\n<p>&#8211; Rettelse: Du kan be om retting av feilaktige eller ufullstendige personopplysninger.<\/p>\r\n<p>&#8211; Sletting: Du kan be om sletting av personopplysninger hvis de ikke lenger er n\u00f8dvendige for form\u00e5let de ble samlet inn for.<\/p>\r\n<p>&#8211; Begrensning av behandling: Du har rett til \u00e5 be om at behandlingen av dine personopplysninger begrenses.<\/p>\r\n<p>&#8211; Dataportabilitet: Du har rett til \u00e5 motta personopplysningene vi har om deg i et strukturert, vanlig brukt og maskinlesbart format.<\/p>\r\n<p>For \u00e5 ut\u00f8ve dine rettigheter, kan du kontakte oss via kontaktinformasjonen under.<\/p>\r\n<h3>Sikkerhet<\/h3>\r\n<p>Vi tar sikkerheten til dine personopplysninger p\u00e5 alvor og har implementert tekniske og organisatoriske tiltak for \u00e5 beskytte mot uautorisert tilgang, tap, endring eller deling av data. Dette inkluderer kryptering, tilgangskontroller, og regelmessig sikkerhetsgjennomgang.<\/p>\r\n<h3>Deling av personopplysninger<\/h3>\r\n<p>Vi deler ikke personopplysninger med tredjeparter.<\/p>\r\n<h3>Lagringsperiode<\/h3>\r\n<p>Vi lagrer personopplysninger s\u00e5 lenge det er n\u00f8dvendig for form\u00e5lene beskrevet i denne erkl\u00e6ringen, eller for \u00e5 overholde lovp\u00e5lagte krav. Personopplysninger knyttet til l\u00e6ringsaktiviteter slettes eller anonymiseres n\u00e5r de ikke lenger er relevante.<\/p>\r\n<h3>Endringer i personvernerkl\u00e6ringen<\/h3>\r\n<p>Vi kan oppdatere denne personvernerkl\u00e6ringen fra tid til annen for \u00e5 reflektere endringer i lovgivning eller i v\u00e5r praksis. Vesentlige endringer vil bli kommunisert til brukerne via plattformen.<\/p>\r\n<h3>Kontaktinformasjon<\/h3>\r\n<p>Har du sp\u00f8rsm\u00e5l om denne personvernerkl\u00e6ringen eller hvordan vi behandler dine personopplysninger, kan du kontakte oss p\u00e5:<\/p>\r\n<p>&#8211; E-post: <a href=\"mailto:kontakt@karde.no\">terje.grimstad@karde.no<\/a><\/p>\r\n<p>&#8211; Telefon: +47 90 84 40 23<\/p>\r\n<p>Denne personvernerkl\u00e6ringen ble sist oppdatert 4.3.2025.<\/p>\r\n","protected":false},"excerpt":{"rendered":"<p>Innledning Denne personvernerkl\u00e6ringen beskriver hvordan Memas samler inn, bruker og beskytter dine personopplysninger. Vi er opptatt av \u00e5 ivareta ditt personvern og behandle personopplysninger i samsvar med personopplysningsloven, EUs personvernforordning (GDPR), og andre relevante lover og forskrifter. Om oss Mylifeproducts AS er ansvarlig for behandlingen av personopplysninger som samles inn via Memas. L\u00f8sningen er et [&hellip;]<\/p>\n","protected":false},"author":2,"featured_media":0,"parent":0,"menu_order":0,"comment_status":"closed","ping_status":"open","template":"","meta":{"footnotes":""},"_links":{"self":[{"href":"https:\/\/mylifeproducts.no\/index.php?rest_route=\/wp\/v2\/pages\/3"}],"collection":[{"href":"https:\/\/mylifeproducts.no\/index.php?rest_route=\/wp\/v2\/pages"}],"about":[{"href":"https:\/\/mylifeproducts.no\/index.php?rest_route=\/wp\/v2\/types\/page"}],"author":[{"embeddable":true,"href":"https:\/\/mylifeproducts.no\/index.php?rest_route=\/wp\/v2\/users\/2"}],"replies":[{"embeddable":true,"href":"https:\/\/mylifeproducts.no\/index.php?rest_route=%2Fwp%2Fv2%2Fcomments&post=3"}],"version-history":[{"count":11,"href":"https:\/\/mylifeproducts.no\/index.php?rest_route=\/wp\/v2\/pages\/3\/revisions"}],"predecessor-version":[{"id":216,"href":"https:\/\/mylifeproducts.no\/index.php?rest_route=\/wp\/v2\/pages\/3\/revisions\/216"}],"wp:attachment":[{"href":"https:\/\/mylifeproducts.no\/index.php?rest_route=%2Fwp%2Fv2%2Fmedia&parent=3"}],"curies":[{"name":"wp","href":"https:\/\/api.w.org\/{rel}","templated":true}]}}