{"id":24,"date":"2025-04-02T18:21:24","date_gmt":"2025-04-02T18:21:24","guid":{"rendered":"https:\/\/mylifeproducts.no\/?page_id=24"},"modified":"2025-11-21T13:28:38","modified_gmt":"2025-11-21T13:28:38","slug":"memas-teknologi-forklart","status":"publish","type":"page","link":"https:\/\/mylifeproducts.no\/?page_id=24","title":{"rendered":"Slik bruker du Memas"},"content":{"rendered":"<h2>Memas er delt opp i to deler<\/h2>\n<p>En del er for hjelpere, den andre delen er for brukerne av Memas-appen.<\/p>\n<p><strong>Hjelpere:<\/strong> p\u00e5r\u00f8rende, familie og omsorgspersonell, tjenesteytere<\/p>\n<p>Hjelperne kan administrere innholdet til brukerne ved \u00e5 gj\u00f8re innstillinger, velge passende Memas tjenester, legge inn \u00f8nsket innhold over nettet.<\/p>\n<p><strong>Brukere:<\/strong><\/p>\n<ul>\n<li>personer med mild kognitiv svikt (MCI)<\/li>\n<li>mennesker med utviklingshemning<\/li>\n<li>personer under rehabilitering etter sykehusopphold<\/li>\n<\/ul>\n<p>Brukerne f\u00e5r tilgang til en app med innhold som er konfigurert og stilt inn av hjelperne.<\/p>\n<h2>Oppstart<\/h2>\n<p>For \u00e5 bruke Memas, M\u00c5 du ha en Google-brukerkonto. Du kan velge \u00e5 bruke din eksisterende Google-konto.<\/p>\n<p>Selv om du har en Google brukerkonto, kan du velge \u00e5 opprette en egen som du bare bruker til Memas.<\/p>\n<p>Hvis du ikke har Google-brukerkonto, m\u00e5 du opprette en.<\/p>\n<p>Vi bruker Google-sikkerhetsmekanismer for \u00e5 beskytte dataene dine slik at de forblir private, kun for deg og dem du autoriserer til \u00e5 bruke Memas.<\/p>\n<p>Som Adminweb-bruker m\u00e5 du f\u00f8rst du registrere deg som bruker av Memas.<\/p>\n<p>Du starter Memas i en nettleser ved \u00e5 g\u00e5 til webadressen <a href=\"https:\/\/adminweb.eu\/\">https:\/\/adminweb.eu\/<\/a>.<\/p>\n<p>Du kan velge \u00e5 ha Adminweb p\u00e5 flere spr\u00e5k. Du velger spr\u00e5k ved \u00e5 trykke p\u00e5 flagget.<\/p>\n<p>Figur 1: Startsiden i Adminweb. Du kommer alltid til denne siden n\u00e5r du velger adressen <a href=\"https:\/\/adminweb.eu\/\">https:\/\/adminweb.eu\/<\/a> i nettleseren din.<\/p>\n<h2>Registr\u00e9r deg selv som Adminweb-bruker av Memas<\/h2>\n<p>N\u00e5 du g\u00e5r til Memas for aller f\u00f8rste gang, m\u00e5 du registrere deg som administrator bruker. Det betyr at du f\u00e5 anledning til \u00e5 opprette brukere av Memas-appen samt tilpasse systemet til brukeren du vil administrere.<\/p>\n<h2>Registr\u00e9r bruker av Memas-appen<\/h2>\n<p>Brukere av Memas-appen er delt inn i tre kategorier:<\/p>\n<ul>\n<li><strong>Memas Hukommelse:<\/strong> Personer med mild kognitiv\u00a0svikt som bor hjemme<\/li>\n<li><strong>Memas Struktur &amp; Mestring:<\/strong> Mennesker med utviklingshemning<\/li>\n<li><strong>Memas Rehabilitering:<\/strong> Personer som er p\u00e5 rehabilitering etter sykehusopphold<\/li>\n<\/ul>\n<p>Du velger en kategori for \u00e5 opprette brukeren.<\/p>\n<p>Du m\u00e5 ogs\u00e5 velge hvilket spr\u00e5k brukeren skal se Memas-appen i.<\/p>\n<p>Du kan opprette flere brukere, av samme kategori eller forskjellige kategorier. I grunnabonnementet kan du opprette inntil 5 brukere.<\/p>\n<p>\u00c5rsaken til at vi har flere kategorier av brukere er at de forh\u00e5ndsvalgte tjenestene er noe forskjellig for de tre kategoriene. Noen tjenester finnes i alle kategoriene: kalender, velv\u00e6rerapport og kontaktinformasjon. Sp\u00f8rsm\u00e5lene i velv\u00e6rerapporten vil v\u00e6re tilpasset brukeren.<\/p>\n<figure id=\"attachment_153\" aria-describedby=\"caption-attachment-153\" style=\"width: 300px\" class=\"wp-caption alignleft\"><img loading=\"lazy\" decoding=\"async\" class=\"size-medium wp-image-153\" src=\"https:\/\/mylifeproducts.no\/wp-content\/uploads\/2025\/04\/memas-responsivt-300x225.png\" alt=\"Fire ulike skjermer og skjermst\u00f8rrelser med teksten Memas p\u00e5.\" width=\"300\" height=\"225\" srcset=\"https:\/\/mylifeproducts.no\/wp-content\/uploads\/2025\/04\/memas-responsivt-300x225.png 300w, https:\/\/mylifeproducts.no\/wp-content\/uploads\/2025\/04\/memas-responsivt-768x576.png 768w, https:\/\/mylifeproducts.no\/wp-content\/uploads\/2025\/04\/memas-responsivt.png 960w\" sizes=\"(max-width: 300px) 100vw, 300px\" \/><figcaption id=\"caption-attachment-153\" class=\"wp-caption-text\">Memas fungerer p\u00e5 alle typer sluttbrukerutstyr.<\/figcaption><\/figure>\n<p>N\u00e5r du har opprettet en Memas-appbruker, vil brukeren f\u00e5 tildelt an kode p\u00e5 8 tegn. Denne koden bruker du n\u00e5r du initialiserer Memas-appen for brukeren. Fra nettleseren p\u00e5 brukerutstyret (PC\/Mac, nettbrett eler smarttelefon) g\u00e5r du til nettadressen <a href=\"https:\/\/memas.app\/\">https:\/\/memas.app\/<\/a> og legger inn koden p\u00e5 8 tegn.<\/p>\n<p>N\u00e5r Memas appbruker senere aktiverer Memas-appen fra sitt brukerutstyr, vil han\/hun alltid komme til sin versjon av appen. Du kan gjerne aktivere appen for brukeren p\u00e5 forskjellig utstyr brukeren m\u00e5tte ha, slik at brukeren kan se sin Memas b\u00e5de p\u00e5 f.eks. sin PC\/Mac og smarttelefon.<\/p>\n<p>Forh\u00e5ndvalgt startside i appen viser dagens kalender.\u00a0Etter 20 minutter uten bruk, returnerer appen til \u00e5 vise kalenderen dersom brukeren har sluttet p\u00e5 en annen side.<\/p>\n","protected":false},"excerpt":{"rendered":"<p>Memas er delt opp i to deler En del er for hjelpere, den andre delen er for brukerne av Memas-appen. Hjelpere: p\u00e5r\u00f8rende, familie og omsorgspersonell, tjenesteytere Hjelperne kan administrere innholdet til brukerne ved \u00e5 gj\u00f8re innstillinger, velge passende Memas tjenester, legge inn \u00f8nsket innhold over nettet. Brukere: personer med mild kognitiv svikt (MCI) mennesker med [&hellip;]<\/p>\n","protected":false},"author":3,"featured_media":0,"parent":0,"menu_order":0,"comment_status":"closed","ping_status":"closed","template":"","meta":{"footnotes":""},"_links":{"self":[{"href":"https:\/\/mylifeproducts.no\/index.php?rest_route=\/wp\/v2\/pages\/24"}],"collection":[{"href":"https:\/\/mylifeproducts.no\/index.php?rest_route=\/wp\/v2\/pages"}],"about":[{"href":"https:\/\/mylifeproducts.no\/index.php?rest_route=\/wp\/v2\/types\/page"}],"author":[{"embeddable":true,"href":"https:\/\/mylifeproducts.no\/index.php?rest_route=\/wp\/v2\/users\/3"}],"replies":[{"embeddable":true,"href":"https:\/\/mylifeproducts.no\/index.php?rest_route=%2Fwp%2Fv2%2Fcomments&post=24"}],"version-history":[{"count":11,"href":"https:\/\/mylifeproducts.no\/index.php?rest_route=\/wp\/v2\/pages\/24\/revisions"}],"predecessor-version":[{"id":223,"href":"https:\/\/mylifeproducts.no\/index.php?rest_route=\/wp\/v2\/pages\/24\/revisions\/223"}],"wp:attachment":[{"href":"https:\/\/mylifeproducts.no\/index.php?rest_route=%2Fwp%2Fv2%2Fmedia&parent=24"}],"curies":[{"name":"wp","href":"https:\/\/api.w.org\/{rel}","templated":true}]}}