{"id":184,"date":"2025-04-11T10:24:21","date_gmt":"2025-04-11T10:24:21","guid":{"rendered":"https:\/\/mylifeproducts.no\/?page_id=184"},"modified":"2025-11-21T15:25:10","modified_gmt":"2025-11-21T15:25:10","slug":"dette-er-memas","status":"publish","type":"page","link":"https:\/\/mylifeproducts.no\/","title":{"rendered":"Dette er Memas"},"content":{"rendered":"<p>Memas er en livsmestringassistent som skal skape trygghet, mestring og selvstendig liv med god livskvalitet. \u200b<\/p>\n<p class=\"font_8\">Memas er beregnet for f\u00f8lgende personer (brukere):<\/p>\n<ul class=\"font_8\">\n<li>\n<p class=\"font_8\">med <strong>mild kognitiv svikt<\/strong> (MCI): <strong>Memas Hukommelse<\/strong> og deres hjelper<strong>e<\/strong><\/p>\n<\/li>\n<li>\n<p class=\"font_8\">med <strong>utviklingshemning<\/strong>: <strong>Memas Struktur &amp; Mestring <\/strong>og deres hjelpere<\/p>\n<\/li>\n<li>\n<p class=\"font_8\">som er p\u00e5 <strong>rehabilitering<\/strong> etter sykehusopphold: <strong>Memas Rehabilitering<\/strong><\/p>\n<\/li>\n<\/ul>\n<p class=\"font_8\">Det enkle og brukervennlige designet gj\u00f8r at appen egner seg for personer med lite teknologisk erfaring. Memas virker b\u00e5de p\u00e5 utstyr med iOS (Apple) og Android:<\/p>\n<ul>\n<li class=\"font_8\">iPad og Android-nettbrett<\/li>\n<li class=\"font_8\">PC\/Mac<\/li>\n<li class=\"font_8\">iPhone og Android-smarttelefon.<\/li>\n<\/ul>\n<h2 class=\"font_8\">Hvordan fungerer Memas?<\/h2>\n<p>Memas er delt opp i to deler: en for <strong>brukere<\/strong> og en for <strong>hjelpere<\/strong>.<\/p>\n<p>Hjelpere er p\u00e5r\u00f8rende, familie og omsorgpersonell.\u00a0Hjelperne kan administrere innholdet til brukerne ved \u00e5 gj\u00f8re innstillinger, velge passende Memas-tjenester, oglegge inn \u00f8nsket innhold over nettet.<\/p>\n<p class=\"font_7\">Brukere er personer som nevnt i f\u00f8rste punktliste over.<\/p>\n<p>Brukerne f\u00e5r tilgang til en app med innhold som er konfigurert og stilt inn av hjelperne. Forh\u00e5ndsvalgt startside i appen viser dagens kalender.<\/p>\n<h2>Hvorfor bruke Memas?<\/h2>\n<h3>Fleksibelt innhold<\/h3>\n<p>Med Memas kan brukeren se p\u00e5 de samme bildene og huskelappene mange ganger, dersom repetisjon er en viktig faktor. Samtidig er det enkelt \u00e5 legge til nye bilder og slette de gamle dersom det er behov for variasjon. \u00c5 lese aviser eller h\u00f8re p\u00e5 radio er eksempler p\u00e5 aktiviteter som passer for noen, og ikke for andre. Alle funksjoner p\u00e5 Memas kan velges bort eller aktiveres ved behov.<\/p>\n<h3>\u00d8kt glede, trygghet og mindre stress<\/h3>\n<p>Utpr\u00f8vningen av f\u00f8rstegenerasjons-Memas i Norge, Tyskland og Storbritannia viste at Memas ga glede til brukerne ved \u00e5 kunne se bilder sammen med familien og vise fram bilder til gjester. Stimulering av restevne var viktig for dem som begynte \u00e5 huske litt d\u00e5rlig.<\/p>\n<p>Systemet underst\u00f8ttet dagenes struktur knyttet til p\u00e5minnelser om avtaler og aktiviteter. Dette ga brukeren tilbake f\u00f8lelsen av kontroll over egen hverdag. Det ble f\u00e6rre &laquo;utrykkingssituasjoner&raquo; for de p\u00e5r\u00f8rende, noe som reduserte opplevelsen av stress.<\/p>\n<p>Memas ga ogs\u00e5 \u00f8kt trygghet for alle involverte ved at alle vet hva som st\u00e5r p\u00e5 Memas-skjermen.<\/p>\n<h3>Kan innpasses i en travel hverdag<\/h3>\n<p>Det er enkelt for brukeren \u00e5 f\u00e5 kontakt med sine omsorgspersoner. Ved et enkelt trykk p\u00e5 nettbrettet g\u00e5r det en melding til kontaktpersonen med beskjed om \u00e5 ringe tilbake.<\/p>\n<h3>Faste holdepunkter i hverdagen<\/h3>\n<p>Med Memas vil korrekt informasjon om dagen i dag alltid v\u00e6re der. Brukeren kan legge inn informasjonen selv, eller informasjonen kan legges inn av en hjelper. Nettbrettet kan fjernstyres og den samme oversikten som brukeren har, er ogs\u00e5 synlig for p\u00e5r\u00f8rende \u2013 for eksempel p\u00e5 mobiltelefon.<\/p>\n<h3>Hjelpemiddel for kommunikasjon<\/h3>\n<p>For brukere med nedsatt spr\u00e5kevne kan album med symboler brukes som st\u00f8tte for kommunikasjon. For personer med nedsatt hukommelse kan album med bilder av eget liv v\u00e6re et godt utgangspunkt for gode samtaler. Memas gir mulighet for personlig tilpasning av innhold.<\/p>\n<h3>Enkelt \u00e5 bruke<\/h3>\n<p>Brukeren trenger lite eller ingen erfaring med tekonologi.<\/p>\n","protected":false},"excerpt":{"rendered":"<p>Memas er en livsmestringassistent som skal skape trygghet, mestring og selvstendig liv med god livskvalitet. \u200b Memas er beregnet for f\u00f8lgende personer (brukere): med mild kognitiv svikt (MCI): Memas Hukommelse og deres hjelpere med utviklingshemning: Memas Struktur &amp; Mestring og deres hjelpere som er p\u00e5 rehabilitering etter sykehusopphold: Memas Rehabilitering Det enkle og brukervennlige designet [&hellip;]<\/p>\n","protected":false},"author":3,"featured_media":0,"parent":0,"menu_order":0,"comment_status":"closed","ping_status":"closed","template":"","meta":{"footnotes":""},"_links":{"self":[{"href":"https:\/\/mylifeproducts.no\/index.php?rest_route=\/wp\/v2\/pages\/184"}],"collection":[{"href":"https:\/\/mylifeproducts.no\/index.php?rest_route=\/wp\/v2\/pages"}],"about":[{"href":"https:\/\/mylifeproducts.no\/index.php?rest_route=\/wp\/v2\/types\/page"}],"author":[{"embeddable":true,"href":"https:\/\/mylifeproducts.no\/index.php?rest_route=\/wp\/v2\/users\/3"}],"replies":[{"embeddable":true,"href":"https:\/\/mylifeproducts.no\/index.php?rest_route=%2Fwp%2Fv2%2Fcomments&post=184"}],"version-history":[{"count":10,"href":"https:\/\/mylifeproducts.no\/index.php?rest_route=\/wp\/v2\/pages\/184\/revisions"}],"predecessor-version":[{"id":247,"href":"https:\/\/mylifeproducts.no\/index.php?rest_route=\/wp\/v2\/pages\/184\/revisions\/247"}],"wp:attachment":[{"href":"https:\/\/mylifeproducts.no\/index.php?rest_route=%2Fwp%2Fv2%2Fmedia&parent=184"}],"curies":[{"name":"wp","href":"https:\/\/api.w.org\/{rel}","templated":true}]}}